{"id":1703,"date":"2022-09-14T14:12:06","date_gmt":"2022-09-14T14:12:06","guid":{"rendered":"https:\/\/damianmaxson.com\/?page_id=1703"},"modified":"2024-03-06T17:37:19","modified_gmt":"2024-03-06T17:37:19","slug":"querido","status":"publish","type":"page","link":"https:\/\/damianmaxson.com\/es\/querido\/","title":{"rendered":"Estimado"},"content":{"rendered":"<div data-elementor-type=\"wp-page\" data-elementor-id=\"1703\" class=\"elementor elementor-1703\" data-elementor-post-type=\"page\">\n\t\t\t\t\t\t<section class=\"elementor-section elementor-top-section elementor-element elementor-element-62f8f21 elementor-section-full_width elementor-section-height-min-height elementor-section-height-default elementor-section-items-middle\" data-id=\"62f8f21\" data-element_type=\"section\" data-e-type=\"section\" data-settings=\"{&quot;background_background&quot;:&quot;video&quot;,&quot;motion_fx_motion_fx_scrolling&quot;:&quot;yes&quot;,&quot;jet_parallax_layout_list&quot;:[{&quot;jet_parallax_layout_image&quot;:{&quot;url&quot;:&quot;&quot;,&quot;id&quot;:&quot;&quot;,&quot;size&quot;:&quot;&quot;},&quot;_id&quot;:&quot;f63d799&quot;,&quot;jet_parallax_layout_image_tablet&quot;:{&quot;url&quot;:&quot;&quot;,&quot;id&quot;:&quot;&quot;,&quot;size&quot;:&quot;&quot;},&quot;jet_parallax_layout_image_mobile&quot;:{&quot;url&quot;:&quot;&quot;,&quot;id&quot;:&quot;&quot;,&quot;size&quot;:&quot;&quot;},&quot;jet_parallax_layout_speed&quot;:{&quot;unit&quot;:&quot;%&quot;,&quot;size&quot;:50,&quot;sizes&quot;:[]},&quot;jet_parallax_layout_type&quot;:&quot;scroll&quot;,&quot;jet_parallax_layout_direction&quot;:null,&quot;jet_parallax_layout_fx_direction&quot;:null,&quot;jet_parallax_layout_z_index&quot;:&quot;&quot;,&quot;jet_parallax_layout_bg_x&quot;:50,&quot;jet_parallax_layout_bg_x_tablet&quot;:&quot;&quot;,&quot;jet_parallax_layout_bg_x_mobile&quot;:&quot;&quot;,&quot;jet_parallax_layout_bg_y&quot;:50,&quot;jet_parallax_layout_bg_y_tablet&quot;:&quot;&quot;,&quot;jet_parallax_layout_bg_y_mobile&quot;:&quot;&quot;,&quot;jet_parallax_layout_bg_size&quot;:&quot;auto&quot;,&quot;jet_parallax_layout_bg_size_tablet&quot;:&quot;&quot;,&quot;jet_parallax_layout_bg_size_mobile&quot;:&quot;&quot;,&quot;jet_parallax_layout_animation_prop&quot;:&quot;transform&quot;,&quot;jet_parallax_layout_on&quot;:[&quot;desktop&quot;,&quot;tablet&quot;]}],&quot;background_video_link&quot;:&quot;https:\\\/\\\/damianmaxson.com\\\/video\\\/pause.mp4&quot;,&quot;background_play_on_mobile&quot;:&quot;yes&quot;,&quot;motion_fx_devices&quot;:[&quot;desktop&quot;,&quot;tablet&quot;,&quot;mobile&quot;]}\">\n\t\t\t\t\t\t\t\t<div class=\"elementor-background-video-container\">\n\t\t\t\t\t\t\t\t\t\t\t\t\t<video class=\"elementor-background-video-hosted\" role=\"presentation\" autoplay muted playsinline loop><\/video>\n\t\t\t\t\t\t\t\t\t\t\t<\/div>\n\t\t\t\t\t\t\t\t\t<div class=\"elementor-background-overlay\"><\/div>\n\t\t\t\t\t\t\t<div class=\"elementor-container elementor-column-gap-default\">\n\t\t\t\t\t<div class=\"elementor-column elementor-col-100 elementor-top-column elementor-element elementor-element-3d47de74\" data-id=\"3d47de74\" data-element_type=\"column\" data-e-type=\"column\">\n\t\t\t<div class=\"elementor-widget-wrap elementor-element-populated\">\n\t\t\t\t\t\t<section class=\"elementor-section elementor-inner-section elementor-element elementor-element-367a05b8 animated-slow elementor-section-boxed elementor-section-height-default elementor-section-height-default elementor-invisible\" data-id=\"367a05b8\" data-element_type=\"section\" data-e-type=\"section\" data-settings=\"{&quot;animation&quot;:&quot;fadeInLeft&quot;,&quot;background_background&quot;:&quot;classic&quot;,&quot;jet_parallax_layout_list&quot;:[{&quot;jet_parallax_layout_image&quot;:{&quot;url&quot;:&quot;&quot;,&quot;id&quot;:&quot;&quot;,&quot;size&quot;:&quot;&quot;},&quot;_id&quot;:&quot;84dd9a0&quot;,&quot;jet_parallax_layout_image_tablet&quot;:{&quot;url&quot;:&quot;&quot;,&quot;id&quot;:&quot;&quot;,&quot;size&quot;:&quot;&quot;},&quot;jet_parallax_layout_image_mobile&quot;:{&quot;url&quot;:&quot;&quot;,&quot;id&quot;:&quot;&quot;,&quot;size&quot;:&quot;&quot;},&quot;jet_parallax_layout_speed&quot;:{&quot;unit&quot;:&quot;%&quot;,&quot;size&quot;:50,&quot;sizes&quot;:[]},&quot;jet_parallax_layout_type&quot;:&quot;scroll&quot;,&quot;jet_parallax_layout_direction&quot;:null,&quot;jet_parallax_layout_fx_direction&quot;:null,&quot;jet_parallax_layout_z_index&quot;:&quot;&quot;,&quot;jet_parallax_layout_bg_x&quot;:50,&quot;jet_parallax_layout_bg_x_tablet&quot;:&quot;&quot;,&quot;jet_parallax_layout_bg_x_mobile&quot;:&quot;&quot;,&quot;jet_parallax_layout_bg_y&quot;:50,&quot;jet_parallax_layout_bg_y_tablet&quot;:&quot;&quot;,&quot;jet_parallax_layout_bg_y_mobile&quot;:&quot;&quot;,&quot;jet_parallax_layout_bg_size&quot;:&quot;auto&quot;,&quot;jet_parallax_layout_bg_size_tablet&quot;:&quot;&quot;,&quot;jet_parallax_layout_bg_size_mobile&quot;:&quot;&quot;,&quot;jet_parallax_layout_animation_prop&quot;:&quot;transform&quot;,&quot;jet_parallax_layout_on&quot;:[&quot;desktop&quot;,&quot;tablet&quot;]}]}\">\n\t\t\t\t\t\t<div class=\"elementor-container elementor-column-gap-default\">\n\t\t\t\t\t<div class=\"elementor-column elementor-col-100 elementor-inner-column elementor-element elementor-element-19fa7298\" data-id=\"19fa7298\" data-element_type=\"column\" data-e-type=\"column\">\n\t\t\t<div class=\"elementor-widget-wrap elementor-element-populated\">\n\t\t\t\t\t\t<div class=\"elementor-element elementor-element-5cb21e91 elementor-widget elementor-widget-heading\" data-id=\"5cb21e91\" data-element_type=\"widget\" data-e-type=\"widget\" data-widget_type=\"heading.default\">\n\t\t\t\t\t<h3 class=\"elementor-heading-title elementor-size-default\">Estimado<\/h3>\t\t\t\t<\/div>\n\t\t\t\t\t<\/div>\n\t\t<\/div>\n\t\t\t\t\t<\/div>\n\t\t<\/section>\n\t\t\t\t\t<\/div>\n\t\t<\/div>\n\t\t\t\t\t<\/div>\n\t\t<\/section>\n\t\t\t\t<section class=\"elementor-section elementor-top-section elementor-element elementor-element-2f86f9cf elementor-reverse-mobile elementor-section-boxed elementor-section-height-default elementor-section-height-default\" data-id=\"2f86f9cf\" data-element_type=\"section\" data-e-type=\"section\" data-settings=\"{&quot;jet_parallax_layout_list&quot;:[{&quot;jet_parallax_layout_image&quot;:{&quot;url&quot;:&quot;&quot;,&quot;id&quot;:&quot;&quot;,&quot;size&quot;:&quot;&quot;},&quot;_id&quot;:&quot;51c3163&quot;,&quot;jet_parallax_layout_image_tablet&quot;:{&quot;url&quot;:&quot;&quot;,&quot;id&quot;:&quot;&quot;,&quot;size&quot;:&quot;&quot;},&quot;jet_parallax_layout_image_mobile&quot;:{&quot;url&quot;:&quot;&quot;,&quot;id&quot;:&quot;&quot;,&quot;size&quot;:&quot;&quot;},&quot;jet_parallax_layout_speed&quot;:{&quot;unit&quot;:&quot;%&quot;,&quot;size&quot;:50,&quot;sizes&quot;:[]},&quot;jet_parallax_layout_type&quot;:&quot;scroll&quot;,&quot;jet_parallax_layout_direction&quot;:null,&quot;jet_parallax_layout_fx_direction&quot;:null,&quot;jet_parallax_layout_z_index&quot;:&quot;&quot;,&quot;jet_parallax_layout_bg_x&quot;:50,&quot;jet_parallax_layout_bg_x_tablet&quot;:&quot;&quot;,&quot;jet_parallax_layout_bg_x_mobile&quot;:&quot;&quot;,&quot;jet_parallax_layout_bg_y&quot;:50,&quot;jet_parallax_layout_bg_y_tablet&quot;:&quot;&quot;,&quot;jet_parallax_layout_bg_y_mobile&quot;:&quot;&quot;,&quot;jet_parallax_layout_bg_size&quot;:&quot;auto&quot;,&quot;jet_parallax_layout_bg_size_tablet&quot;:&quot;&quot;,&quot;jet_parallax_layout_bg_size_mobile&quot;:&quot;&quot;,&quot;jet_parallax_layout_animation_prop&quot;:&quot;transform&quot;,&quot;jet_parallax_layout_on&quot;:[&quot;desktop&quot;,&quot;tablet&quot;]}],&quot;background_background&quot;:&quot;classic&quot;}\">\n\t\t\t\t\t\t<div class=\"elementor-container elementor-column-gap-default\">\n\t\t\t\t\t<div class=\"elementor-column elementor-col-100 elementor-top-column elementor-element elementor-element-311b341\" data-id=\"311b341\" data-element_type=\"column\" data-e-type=\"column\">\n\t\t\t<div class=\"elementor-widget-wrap elementor-element-populated\">\n\t\t\t\t\t\t<div class=\"elementor-element elementor-element-7ecf93d elementor-grid-3 elementor-grid-tablet-2 elementor-grid-mobile-1 elementor-posts--thumbnail-top elementor-card-shadow-yes elementor-posts__hover-gradient elementor-widget elementor-widget-posts\" data-id=\"7ecf93d\" data-element_type=\"widget\" data-e-type=\"widget\" data-settings=\"{&quot;pagination_type&quot;:&quot;numbers_and_prev_next&quot;,&quot;cards_row_gap&quot;:{&quot;unit&quot;:&quot;px&quot;,&quot;size&quot;:32,&quot;sizes&quot;:[]},&quot;cards_columns&quot;:&quot;3&quot;,&quot;cards_columns_tablet&quot;:&quot;2&quot;,&quot;cards_columns_mobile&quot;:&quot;1&quot;,&quot;cards_row_gap_tablet&quot;:{&quot;unit&quot;:&quot;px&quot;,&quot;size&quot;:&quot;&quot;,&quot;sizes&quot;:[]},&quot;cards_row_gap_mobile&quot;:{&quot;unit&quot;:&quot;px&quot;,&quot;size&quot;:&quot;&quot;,&quot;sizes&quot;:[]}}\" data-widget_type=\"posts.cards\">\n\t\t\t\t<div class=\"elementor-widget-container\">\n\t\t\t\t\t\t\t<div class=\"elementor-posts-container elementor-posts elementor-posts--skin-cards elementor-grid\" role=\"list\">\n\t\t\t\t<article class=\"elementor-post elementor-grid-item post-1678 post type-post status-publish format-standard has-post-thumbnail hentry category-lieben\" role=\"listitem\">\n\t\t\t<div class=\"elementor-post__card\">\n\t\t\t\t<a class=\"elementor-post__thumbnail__link\" href=\"https:\/\/damianmaxson.com\/es\/en\/\" tabindex=\"-1\" ><div class=\"elementor-post__thumbnail\"><img loading=\"lazy\" decoding=\"async\" width=\"1920\" height=\"1280\" src=\"https:\/\/damianmaxson.com\/wp-content\/uploads\/2022\/09\/liebe.jpg\" class=\"attachment-full size-full wp-image-1683\" alt=\"\" srcset=\"https:\/\/damianmaxson.com\/wp-content\/uploads\/2022\/09\/liebe.jpg 1920w, https:\/\/damianmaxson.com\/wp-content\/uploads\/2022\/09\/liebe-300x200.jpg 300w, https:\/\/damianmaxson.com\/wp-content\/uploads\/2022\/09\/liebe-1024x683.jpg 1024w, https:\/\/damianmaxson.com\/wp-content\/uploads\/2022\/09\/liebe-768x512.jpg 768w, https:\/\/damianmaxson.com\/wp-content\/uploads\/2022\/09\/liebe-1536x1024.jpg 1536w\" sizes=\"auto, (max-width: 1920px) 100vw, 1920px\" \/><\/div><\/a>\n\t\t\t\t<div class=\"elementor-post__badge\">Amor<\/div>\n\t\t\t\t<div class=\"elementor-post__text\">\n\t\t\t\t<h3 class=\"elementor-post__title\">\n\t\t\t<a href=\"https:\/\/damianmaxson.com\/es\/en\/\" >\n\t\t\t\tEn b\u00fasqueda\t\t\t<\/a>\n\t\t<\/h3>\n\t\t\n\t\t<a class=\"elementor-post__read-more\" href=\"https:\/\/damianmaxson.com\/es\/en\/\" aria-label=\"M\u00e1s informaci\u00f3n sobre In search\" tabindex=\"-1\" >\n\t\t\tm\u00e1s\"\t\t<\/a>\n\n\t\t\t\t<\/div>\n\t\t\t\t\t<\/div>\n\t\t<\/article>\n\t\t\t\t<article class=\"elementor-post elementor-grid-item post-1944 post type-post status-publish format-standard has-post-thumbnail hentry category-lieben\" role=\"listitem\">\n\t\t\t<div class=\"elementor-post__card\">\n\t\t\t\t<a class=\"elementor-post__thumbnail__link\" href=\"https:\/\/damianmaxson.com\/es\/la-hermosa-oracion-para-el-amor\/\" tabindex=\"-1\" ><div class=\"elementor-post__thumbnail\"><img loading=\"lazy\" decoding=\"async\" width=\"1920\" height=\"1080\" src=\"https:\/\/damianmaxson.com\/wp-content\/uploads\/2022\/09\/ein_gebet_fuer_die_liebe.jpg\" class=\"attachment-full size-full wp-image-1949\" alt=\"\" srcset=\"https:\/\/damianmaxson.com\/wp-content\/uploads\/2022\/09\/ein_gebet_fuer_die_liebe.jpg 1920w, https:\/\/damianmaxson.com\/wp-content\/uploads\/2022\/09\/ein_gebet_fuer_die_liebe-300x169.jpg 300w, https:\/\/damianmaxson.com\/wp-content\/uploads\/2022\/09\/ein_gebet_fuer_die_liebe-1024x576.jpg 1024w, https:\/\/damianmaxson.com\/wp-content\/uploads\/2022\/09\/ein_gebet_fuer_die_liebe-768x432.jpg 768w, https:\/\/damianmaxson.com\/wp-content\/uploads\/2022\/09\/ein_gebet_fuer_die_liebe-1536x864.jpg 1536w\" sizes=\"auto, (max-width: 1920px) 100vw, 1920px\" \/><\/div><\/a>\n\t\t\t\t<div class=\"elementor-post__badge\">Amor<\/div>\n\t\t\t\t<div class=\"elementor-post__text\">\n\t\t\t\t<h3 class=\"elementor-post__title\">\n\t\t\t<a href=\"https:\/\/damianmaxson.com\/es\/la-hermosa-oracion-para-el-amor\/\" >\n\t\t\t\tLa m\u00e1s bella oraci\u00f3n de amor\t\t\t<\/a>\n\t\t<\/h3>\n\t\t\n\t\t<a class=\"elementor-post__read-more\" href=\"https:\/\/damianmaxson.com\/es\/la-hermosa-oracion-para-el-amor\/\" aria-label=\"M\u00e1s informaci\u00f3n sobre La oraci\u00f3n m\u00e1s bella para el amor\" tabindex=\"-1\" >\n\t\t\tm\u00e1s\"\t\t<\/a>\n\n\t\t\t\t<\/div>\n\t\t\t\t\t<\/div>\n\t\t<\/article>\n\t\t\t\t<article class=\"elementor-post elementor-grid-item post-1985 post type-post status-publish format-standard has-post-thumbnail hentry category-lieben\" role=\"listitem\">\n\t\t\t<div class=\"elementor-post__card\">\n\t\t\t\t<a class=\"elementor-post__thumbnail__link\" href=\"https:\/\/damianmaxson.com\/es\/pensar-lo-que-pensamos\/\" tabindex=\"-1\" ><div class=\"elementor-post__thumbnail\"><img loading=\"lazy\" decoding=\"async\" width=\"1920\" height=\"1096\" src=\"https:\/\/damianmaxson.com\/wp-content\/uploads\/2022\/10\/gebet.jpg\" class=\"attachment-full size-full wp-image-1987\" alt=\"por S. Hermann \/ F. Richter\" srcset=\"https:\/\/damianmaxson.com\/wp-content\/uploads\/2022\/10\/gebet.jpg 1920w, https:\/\/damianmaxson.com\/wp-content\/uploads\/2022\/10\/gebet-300x171.jpg 300w, https:\/\/damianmaxson.com\/wp-content\/uploads\/2022\/10\/gebet-1024x585.jpg 1024w, https:\/\/damianmaxson.com\/wp-content\/uploads\/2022\/10\/gebet-768x438.jpg 768w, https:\/\/damianmaxson.com\/wp-content\/uploads\/2022\/10\/gebet-1536x877.jpg 1536w\" sizes=\"auto, (max-width: 1920px) 100vw, 1920px\" \/><\/div><\/a>\n\t\t\t\t<div class=\"elementor-post__badge\">Amor<\/div>\n\t\t\t\t<div class=\"elementor-post__text\">\n\t\t\t\t<h3 class=\"elementor-post__title\">\n\t\t\t<a href=\"https:\/\/damianmaxson.com\/es\/pensar-lo-que-pensamos\/\" >\n\t\t\t\t\u00bfQu\u00e9 pensamos sobre\t\t\t<\/a>\n\t\t<\/h3>\n\t\t\n\t\t<a class=\"elementor-post__read-more\" href=\"https:\/\/damianmaxson.com\/es\/pensar-lo-que-pensamos\/\" aria-label=\"M\u00e1s informaci\u00f3n sobre En qu\u00e9 estamos pensando\" tabindex=\"-1\" >\n\t\t\tm\u00e1s\"\t\t<\/a>\n\n\t\t\t\t<\/div>\n\t\t\t\t\t<\/div>\n\t\t<\/article>\n\t\t\t\t<article class=\"elementor-post elementor-grid-item post-2104 post type-post status-publish format-standard has-post-thumbnail hentry category-lieben\" role=\"listitem\">\n\t\t\t<div class=\"elementor-post__card\">\n\t\t\t\t<a class=\"elementor-post__thumbnail__link\" href=\"https:\/\/damianmaxson.com\/es\/el-fin-de-una-relacion-que-no-te-conozco\/\" tabindex=\"-1\" ><div class=\"elementor-post__thumbnail\"><img loading=\"lazy\" decoding=\"async\" width=\"1920\" height=\"1080\" src=\"https:\/\/damianmaxson.com\/wp-content\/uploads\/2023\/01\/ich_kenne_sie_nicht.webp\" class=\"attachment-full size-full wp-image-2106\" alt=\"\" srcset=\"https:\/\/damianmaxson.com\/wp-content\/uploads\/2023\/01\/ich_kenne_sie_nicht.webp 1920w, https:\/\/damianmaxson.com\/wp-content\/uploads\/2023\/01\/ich_kenne_sie_nicht-300x169.webp 300w, https:\/\/damianmaxson.com\/wp-content\/uploads\/2023\/01\/ich_kenne_sie_nicht-1024x576.webp 1024w, https:\/\/damianmaxson.com\/wp-content\/uploads\/2023\/01\/ich_kenne_sie_nicht-768x432.webp 768w, https:\/\/damianmaxson.com\/wp-content\/uploads\/2023\/01\/ich_kenne_sie_nicht-1536x864.webp 1536w, https:\/\/damianmaxson.com\/wp-content\/uploads\/2023\/01\/ich_kenne_sie_nicht-18x10.webp 18w\" sizes=\"auto, (max-width: 1920px) 100vw, 1920px\" \/><\/div><\/a>\n\t\t\t\t<div class=\"elementor-post__badge\">Amor<\/div>\n\t\t\t\t<div class=\"elementor-post__text\">\n\t\t\t\t<h3 class=\"elementor-post__title\">\n\t\t\t<a href=\"https:\/\/damianmaxson.com\/es\/el-fin-de-una-relacion-que-no-te-conozco\/\" >\n\t\t\t\tEl fin de una relaci\u00f3n | No te conozco\t\t\t<\/a>\n\t\t<\/h3>\n\t\t\n\t\t<a class=\"elementor-post__read-more\" href=\"https:\/\/damianmaxson.com\/es\/el-fin-de-una-relacion-que-no-te-conozco\/\" aria-label=\"M\u00e1s informaci\u00f3n sobre El fin de una relaci\u00f3n | No te conozco\" tabindex=\"-1\" >\n\t\t\tm\u00e1s\"\t\t<\/a>\n\n\t\t\t\t<\/div>\n\t\t\t\t\t<\/div>\n\t\t<\/article>\n\t\t\t\t<article class=\"elementor-post elementor-grid-item post-2492 post type-post status-publish format-standard has-post-thumbnail hentry category-leben category-lieben\" role=\"listitem\">\n\t\t\t<div class=\"elementor-post__card\">\n\t\t\t\t<a class=\"elementor-post__thumbnail__link\" href=\"https:\/\/damianmaxson.com\/es\/pensamiento-activo\/\" tabindex=\"-1\" ><div class=\"elementor-post__thumbnail\"><img loading=\"lazy\" decoding=\"async\" width=\"1920\" height=\"1280\" src=\"https:\/\/damianmaxson.com\/wp-content\/uploads\/2024\/02\/aktives-denken.webp\" class=\"attachment-full size-full wp-image-2493\" alt=\"\" srcset=\"https:\/\/damianmaxson.com\/wp-content\/uploads\/2024\/02\/aktives-denken.webp 1920w, https:\/\/damianmaxson.com\/wp-content\/uploads\/2024\/02\/aktives-denken-300x200.webp 300w, https:\/\/damianmaxson.com\/wp-content\/uploads\/2024\/02\/aktives-denken-1024x683.webp 1024w, https:\/\/damianmaxson.com\/wp-content\/uploads\/2024\/02\/aktives-denken-768x512.webp 768w, https:\/\/damianmaxson.com\/wp-content\/uploads\/2024\/02\/aktives-denken-1536x1024.webp 1536w, https:\/\/damianmaxson.com\/wp-content\/uploads\/2024\/02\/aktives-denken-18x12.webp 18w\" sizes=\"auto, (max-width: 1920px) 100vw, 1920px\" \/><\/div><\/a>\n\t\t\t\t<div class=\"elementor-post__badge\">La vida<\/div>\n\t\t\t\t<div class=\"elementor-post__text\">\n\t\t\t\t<h3 class=\"elementor-post__title\">\n\t\t\t<a href=\"https:\/\/damianmaxson.com\/es\/pensamiento-activo\/\" >\n\t\t\t\tPensamiento activo\t\t\t<\/a>\n\t\t<\/h3>\n\t\t\n\t\t<a class=\"elementor-post__read-more\" href=\"https:\/\/damianmaxson.com\/es\/pensamiento-activo\/\" aria-label=\"M\u00e1s informaci\u00f3n sobre Pensamiento activo\" tabindex=\"-1\" >\n\t\t\tm\u00e1s\"\t\t<\/a>\n\n\t\t\t\t<\/div>\n\t\t\t\t\t<\/div>\n\t\t<\/article>\n\t\t\t\t<article class=\"elementor-post elementor-grid-item post-2569 post type-post status-publish format-standard has-post-thumbnail hentry category-glauben category-leben category-lieben\" role=\"listitem\">\n\t\t\t<div class=\"elementor-post__card\">\n\t\t\t\t<a class=\"elementor-post__thumbnail__link\" href=\"https:\/\/damianmaxson.com\/es\/el-bautismo-del-diablo\/\" tabindex=\"-1\" ><div class=\"elementor-post__thumbnail\"><img loading=\"lazy\" decoding=\"async\" width=\"1920\" height=\"1280\" src=\"https:\/\/damianmaxson.com\/wp-content\/uploads\/2024\/04\/teufel.webp\" class=\"attachment-full size-full wp-image-2575\" alt=\"\" srcset=\"https:\/\/damianmaxson.com\/wp-content\/uploads\/2024\/04\/teufel.webp 1920w, https:\/\/damianmaxson.com\/wp-content\/uploads\/2024\/04\/teufel-300x200.webp 300w, https:\/\/damianmaxson.com\/wp-content\/uploads\/2024\/04\/teufel-1024x683.webp 1024w, https:\/\/damianmaxson.com\/wp-content\/uploads\/2024\/04\/teufel-768x512.webp 768w, https:\/\/damianmaxson.com\/wp-content\/uploads\/2024\/04\/teufel-1536x1024.webp 1536w, https:\/\/damianmaxson.com\/wp-content\/uploads\/2024\/04\/teufel-18x12.webp 18w\" sizes=\"auto, (max-width: 1920px) 100vw, 1920px\" \/><\/div><\/a>\n\t\t\t\t<div class=\"elementor-post__badge\">Fe<\/div>\n\t\t\t\t<div class=\"elementor-post__text\">\n\t\t\t\t<h3 class=\"elementor-post__title\">\n\t\t\t<a href=\"https:\/\/damianmaxson.com\/es\/el-bautismo-del-diablo\/\" >\n\t\t\t\tEl bautismo del diablo\t\t\t<\/a>\n\t\t<\/h3>\n\t\t\n\t\t<a class=\"elementor-post__read-more\" href=\"https:\/\/damianmaxson.com\/es\/el-bautismo-del-diablo\/\" aria-label=\"M\u00e1s informaci\u00f3n sobre El bautismo del diablo\" tabindex=\"-1\" >\n\t\t\tm\u00e1s\"\t\t<\/a>\n\n\t\t\t\t<\/div>\n\t\t\t\t\t<\/div>\n\t\t<\/article>\n\t\t\t\t<article class=\"elementor-post elementor-grid-item post-2742 post type-post status-publish format-standard has-post-thumbnail hentry category-lieben category-glauben category-leben\" role=\"listitem\">\n\t\t\t<div class=\"elementor-post__card\">\n\t\t\t\t<a class=\"elementor-post__thumbnail__link\" href=\"https:\/\/damianmaxson.com\/es\/navidad-o-feliz-navidad\/\" tabindex=\"-1\" ><div class=\"elementor-post__thumbnail\"><img loading=\"lazy\" decoding=\"async\" width=\"900\" height=\"600\" src=\"https:\/\/damianmaxson.com\/wp-content\/uploads\/2024\/12\/weihnachten.webp\" class=\"attachment-full size-full wp-image-2743\" alt=\"\" srcset=\"https:\/\/damianmaxson.com\/wp-content\/uploads\/2024\/12\/weihnachten.webp 900w, https:\/\/damianmaxson.com\/wp-content\/uploads\/2024\/12\/weihnachten-300x200.webp 300w, https:\/\/damianmaxson.com\/wp-content\/uploads\/2024\/12\/weihnachten-768x512.webp 768w, https:\/\/damianmaxson.com\/wp-content\/uploads\/2024\/12\/weihnachten-18x12.webp 18w\" sizes=\"auto, (max-width: 900px) 100vw, 900px\" \/><\/div><\/a>\n\t\t\t\t<div class=\"elementor-post__badge\">Amor<\/div>\n\t\t\t\t<div class=\"elementor-post__text\">\n\t\t\t\t<h3 class=\"elementor-post__title\">\n\t\t\t<a href=\"https:\/\/damianmaxson.com\/es\/navidad-o-feliz-navidad\/\" >\n\t\t\t\tNavidad - Feliz Navidad\t\t\t<\/a>\n\t\t<\/h3>\n\t\t\n\t\t<a class=\"elementor-post__read-more\" href=\"https:\/\/damianmaxson.com\/es\/navidad-o-feliz-navidad\/\" aria-label=\"M\u00e1s informaci\u00f3n sobre Christmas - O du fr\u00f6hliche\" tabindex=\"-1\" >\n\t\t\tm\u00e1s\"\t\t<\/a>\n\n\t\t\t\t<\/div>\n\t\t\t\t\t<\/div>\n\t\t<\/article>\n\t\t\t\t<article class=\"elementor-post elementor-grid-item post-2974 post type-post status-publish format-standard has-post-thumbnail hentry category-glauben category-leben category-lieben\" role=\"listitem\">\n\t\t\t<div class=\"elementor-post__card\">\n\t\t\t\t<a class=\"elementor-post__thumbnail__link\" href=\"https:\/\/damianmaxson.com\/es\/hoja-de-motivacion-cristiana-conectar-con-jesus-dia-a-dia-como-entrenar-en-el-gimnasio\/\" tabindex=\"-1\" ><div class=\"elementor-post__thumbnail\"><img loading=\"lazy\" decoding=\"async\" width=\"1344\" height=\"768\" src=\"https:\/\/damianmaxson.com\/wp-content\/uploads\/2026\/01\/Verbindung-mit-Jesus---Tag-fuer-Tag.png\" class=\"attachment-full size-full wp-image-2983\" alt=\"\" srcset=\"\" sizes=\"auto, (max-width: 1344px) 100vw, 1344px\" data-srcset=\"\" \/><\/div><\/a>\n\t\t\t\t<div class=\"elementor-post__badge\">Fe<\/div>\n\t\t\t\t<div class=\"elementor-post__text\">\n\t\t\t\t<h3 class=\"elementor-post__title\">\n\t\t\t<a href=\"https:\/\/damianmaxson.com\/es\/hoja-de-motivacion-cristiana-conectar-con-jesus-dia-a-dia-como-entrenar-en-el-gimnasio\/\" >\n\t\t\t\tHoja de motivaci\u00f3n cristiana: Conexi\u00f3n con Jes\u00fas - d\u00eda a d\u00eda (como el entrenamiento en el gimnasio)\t\t\t<\/a>\n\t\t<\/h3>\n\t\t\n\t\t<a class=\"elementor-post__read-more\" href=\"https:\/\/damianmaxson.com\/es\/hoja-de-motivacion-cristiana-conectar-con-jesus-dia-a-dia-como-entrenar-en-el-gimnasio\/\" aria-label=\"M\u00e1s informaci\u00f3n sobre Hoja de motivaci\u00f3n cristiana: Conexi\u00f3n con Jes\u00fas - d\u00eda a d\u00eda (como el entrenamiento en el gimnasio)\" tabindex=\"-1\" >\n\t\t\tm\u00e1s\"\t\t<\/a>\n\n\t\t\t\t<\/div>\n\t\t\t\t\t<\/div>\n\t\t<\/article>\n\t\t\t\t<\/div>\n\t\t\n\t\t\t\t\t\t<\/div>\n\t\t\t\t<\/div>\n\t\t\t\t\t<\/div>\n\t\t<\/div>\n\t\t\t\t\t<\/div>\n\t\t<\/section>\n\t\t\t\t<\/div>","protected":false},"excerpt":{"rendered":"","protected":false},"author":1,"featured_media":0,"parent":0,"menu_order":0,"comment_status":"closed","ping_status":"closed","template":"elementor_header_footer","meta":{"inline_featured_image":false,"footnotes":""},"class_list":["post-1703","page","type-page","status-publish","hentry"],"_links":{"self":[{"href":"https:\/\/damianmaxson.com\/es\/wp-json\/wp\/v2\/pages\/1703","targetHints":{"allow":["GET"]}}],"collection":[{"href":"https:\/\/damianmaxson.com\/es\/wp-json\/wp\/v2\/pages"}],"about":[{"href":"https:\/\/damianmaxson.com\/es\/wp-json\/wp\/v2\/types\/page"}],"author":[{"embeddable":true,"href":"https:\/\/damianmaxson.com\/es\/wp-json\/wp\/v2\/users\/1"}],"replies":[{"embeddable":true,"href":"https:\/\/damianmaxson.com\/es\/wp-json\/wp\/v2\/comments?post=1703"}],"version-history":[{"count":7,"href":"https:\/\/damianmaxson.com\/es\/wp-json\/wp\/v2\/pages\/1703\/revisions"}],"predecessor-version":[{"id":2550,"href":"https:\/\/damianmaxson.com\/es\/wp-json\/wp\/v2\/pages\/1703\/revisions\/2550"}],"wp:attachment":[{"href":"https:\/\/damianmaxson.com\/es\/wp-json\/wp\/v2\/media?parent=1703"}],"curies":[{"name":"wp","href":"https:\/\/api.w.org\/{rel}","templated":true}]}}