{"id":2881,"date":"2025-06-18T15:40:43","date_gmt":"2025-06-18T15:40:43","guid":{"rendered":"https:\/\/damianmaxson.com\/?post_type=product&#038;p=2881"},"modified":"2025-08-29T16:19:52","modified_gmt":"2025-08-29T16:19:52","slug":"e-book-pdf-el-regreso-de-tu-corazon-por-damian-maxson","status":"publish","type":"product","link":"https:\/\/damianmaxson.com\/es\/producto\/e-book-pdf-el-regreso-de-tu-corazon-por-damian-maxson\/","title":{"rendered":"La vuelta a casa de tu coraz\u00f3n"},"content":{"rendered":"<h2 data-start=\"278\" data-end=\"302\">\ud83d\uded2 <strong data-start=\"284\" data-end=\"300\">Nombre del libro:<\/strong><\/h2>\n<p data-start=\"303\" data-end=\"348\"><strong data-start=\"303\" data-end=\"348\">La vuelta a casa de tu coraz\u00f3n (edici\u00f3n PDF)<\/strong><\/p>\n<hr data-start=\"350\" data-end=\"353\" \/>\n<h2 data-start=\"355\" data-end=\"399\"><\/h2>\n<h2 data-start=\"355\" data-end=\"399\">\u2728 <strong data-start=\"360\" data-end=\"399\">Descripci\u00f3n del libro:<\/strong><\/h2>\n<blockquote data-start=\"401\" data-end=\"1256\">\n<p data-start=\"403\" data-end=\"494\"><strong data-start=\"403\" data-end=\"494\">\u00bfQu\u00e9 haces cuando tu coraz\u00f3n va en la direcci\u00f3n equivocada y de repente lo sientes?<\/strong><\/p>\n<p data-start=\"499\" data-end=\"684\"><em data-start=\"499\" data-end=\"530\">\"La vuelta a casa de tu coraz\u00f3n\"<\/em> no es un libro cualquiera. Es un compa\u00f1ero honesto para cualquiera que se encuentre en medio de la vida y a\u00fan as\u00ed se d\u00e9 cuenta de que le falta algo, en lo m\u00e1s profundo de su ser.<\/p>\n<p data-start=\"689\" data-end=\"900\">Su autor, Damian Maxson, describe con conmovedora franqueza su viaje personal a trav\u00e9s de las crisis, las dudas y la b\u00fasqueda de sentido, hasta el encuentro sanador con la verdad que s\u00f3lo puede encontrarse en la fe.<\/p>\n<p data-start=\"905\" data-end=\"1132\">Este libro se dirige a personas que quieren algo m\u00e1s que consejos superficiales: es una invitaci\u00f3n al arrepentimiento, a la realineaci\u00f3n interior, a volver al \"c\u00edrculo de Dios\", el lugar donde tu coraz\u00f3n por fin descansa.<\/p>\n<p data-start=\"1137\" data-end=\"1256\">\ud83d\udd4a\ufe0f <strong data-start=\"1141\" data-end=\"1172\">Honesto. Directo. Fiel a la vida.<\/strong><br data-start=\"1172\" data-end=\"1175\" \/>Para todos aquellos que est\u00e9n dispuestos a encontrarse realmente consigo mismos y con su Creador.<\/p>\n<p data-start=\"1137\" data-end=\"1256\">\n<\/blockquote>\n<hr data-start=\"1258\" data-end=\"1261\" \/>\n<h2 data-start=\"1263\" data-end=\"1297\"><\/h2>\n<h2 data-start=\"1263\" data-end=\"1297\">\ud83d\udcc4 <strong data-start=\"1269\" data-end=\"1297\">Detalles de la edici\u00f3n en PDF:<\/strong><\/h2>\n<ul data-start=\"1298\" data-end=\"1493\">\n<li data-start=\"1298\" data-end=\"1325\">\n<p data-start=\"1300\" data-end=\"1325\">Descarga instant\u00e1nea tras la compra<\/p>\n<\/li>\n<li data-start=\"1326\" data-end=\"1378\">\n<p data-start=\"1328\" data-end=\"1378\">99 p\u00e1ginas (a todo color, con im\u00e1genes inspiradoras)<\/p>\n<\/li>\n<li data-start=\"1379\" data-end=\"1444\">\n<p data-start=\"1381\" data-end=\"1444\">Formato: PDF de alta calidad (ideal para PC, tableta o smartphone)<\/p>\n<\/li>\n<li data-start=\"1445\" data-end=\"1493\">\n<p data-start=\"1447\" data-end=\"1493\">Bonus: Impulso personal de cierre y secci\u00f3n de oraci\u00f3n<\/p>\n<\/li>\n<li data-start=\"1445\" data-end=\"1493\"><a href=\"https:\/\/damianmaxson.com\/es\/tal-vez-dios-habla-a-traves-de-estas-paginas-leer-ahora-gratis\/\">Solicite una muestra de lectura gratuita<\/a><\/li>\n<\/ul>\n<p>&nbsp;<\/p>\n<p>&nbsp;<\/p>\n<hr data-start=\"1495\" data-end=\"1498\" \/>\n<h2 data-start=\"1500\" data-end=\"1518\"><\/h2>\n<h2 data-start=\"1500\" data-end=\"1518\">\ud83d\udce5 <strong data-start=\"1506\" data-end=\"1518\">Nota:<\/strong><\/h2>\n<p data-start=\"1519\" data-end=\"1655\">Esta es la versi\u00f3n digital en formato PDF.<br data-start=\"1563\" data-end=\"1566\" \/>Si prefiere un libro impreso, puede encontrar el <a href=\"https:\/\/www.google.com\/search?q=die+heimkehr+deines+Herzens&amp;rlz=1C1ONGR_deCH1138CH1138&amp;oq=die+heimkehr+deines+Herzens&amp;gs_lcrp=EgZjaHJvbWUyBggAEEUYOTIGCAEQRRg9MgYIAhBFGDwyBggDEEUYPdIBCTYzNDBqMGoxNagCCLACAQ&amp;sourceid=chrome&amp;ie=UTF-8&amp;sei=3tKxaO7QDaPSi-gPr_rBqAI\" target=\"_blank\" rel=\"noopener\"><strong data-start=\"1626\" data-end=\"1654\">Versi\u00f3n impresa en Amazon<\/strong><\/a>.<\/p>\n<p><strong>La versi\u00f3n digital est\u00e1 disponible pr\u00e1cticamente gratis por un precio simb\u00f3lico aqu\u00ed<\/strong><\/p>\n<hr data-start=\"1657\" data-end=\"1660\" \/>\n<blockquote data-start=\"1729\" data-end=\"1825\">\n<p data-start=\"1731\" data-end=\"1825\">\n<\/blockquote>","protected":false},"excerpt":{"rendered":"<p>Un libro honesto sobre el regreso a uno mismo y a Dios.<br data-start=\"221\" data-end=\"224\" \/>Lleno de profundidad, verdad y esperanza.<\/p>\n<p>Descargar y leer ahora en PDF.<\/p>","protected":false},"featured_media":2787,"comment_status":"open","ping_status":"closed","template":"","meta":{"inline_featured_image":false},"product_brand":[],"product_cat":[25,26],"product_tag":[29,39,42,41,27,36,31,34,38,35,32,33,30,40,28,37],"class_list":{"0":"post-2881","1":"product","2":"type-product","3":"status-publish","4":"has-post-thumbnail","6":"product_cat-unkategorisiert","7":"product_cat-digitale-produkte","8":"product_tag-christlicher-wegweiser","9":"product_tag-christliches-pdf","10":"product_tag-die-rueckehr-des-herzens","11":"product_tag-erweckung","12":"product_tag-glaubensbuch","13":"product_tag-glaubenskrise","14":"product_tag-gotteskreis","15":"product_tag-heilung-durch-jesus","16":"product_tag-herzheilung","17":"product_tag-innerer-friede","18":"product_tag-lebenssinn","19":"product_tag-persoenliche-umkehr","20":"product_tag-rueckkehr-zu-gott","21":"product_tag-selbstfindung","22":"product_tag-spirituelles-buch","23":"product_tag-wahrheit-finden","25":"first","26":"instock","27":"sale","28":"downloadable","29":"virtual","30":"purchasable","31":"product-type-simple"},"_links":{"self":[{"href":"https:\/\/damianmaxson.com\/es\/wp-json\/wp\/v2\/product\/2881","targetHints":{"allow":["GET"]}}],"collection":[{"href":"https:\/\/damianmaxson.com\/es\/wp-json\/wp\/v2\/product"}],"about":[{"href":"https:\/\/damianmaxson.com\/es\/wp-json\/wp\/v2\/types\/product"}],"replies":[{"embeddable":true,"href":"https:\/\/damianmaxson.com\/es\/wp-json\/wp\/v2\/comments?post=2881"}],"wp:featuredmedia":[{"embeddable":true,"href":"https:\/\/damianmaxson.com\/es\/wp-json\/wp\/v2\/media\/2787"}],"wp:attachment":[{"href":"https:\/\/damianmaxson.com\/es\/wp-json\/wp\/v2\/media?parent=2881"}],"wp:term":[{"taxonomy":"product_brand","embeddable":true,"href":"https:\/\/damianmaxson.com\/es\/wp-json\/wp\/v2\/product_brand?post=2881"},{"taxonomy":"product_cat","embeddable":true,"href":"https:\/\/damianmaxson.com\/es\/wp-json\/wp\/v2\/product_cat?post=2881"},{"taxonomy":"product_tag","embeddable":true,"href":"https:\/\/damianmaxson.com\/es\/wp-json\/wp\/v2\/product_tag?post=2881"}],"curies":[{"name":"wp","href":"https:\/\/api.w.org\/{rel}","templated":true}]}}