{"id":2881,"date":"2025-06-18T15:40:43","date_gmt":"2025-06-18T15:40:43","guid":{"rendered":"https:\/\/damianmaxson.com\/?post_type=product&#038;p=2881"},"modified":"2025-08-29T16:19:52","modified_gmt":"2025-08-29T16:19:52","slug":"e-book-pdf-le-retour-de-ton-coeur-par-damian-maxson","status":"publish","type":"product","link":"https:\/\/damianmaxson.com\/fr\/produit\/e-book-pdf-le-retour-de-ton-coeur-par-damian-maxson\/","title":{"rendered":"Le retour de ton c\u0153ur"},"content":{"rendered":"<h2 data-start=\"278\" data-end=\"302\">\ud83d\uded2 <strong data-start=\"284\" data-end=\"300\">Nom du livre :<\/strong><\/h2>\n<p data-start=\"303\" data-end=\"348\"><strong data-start=\"303\" data-end=\"348\">Le retour de ton c\u0153ur (\u00e9dition PDF)<\/strong><\/p>\n<hr data-start=\"350\" data-end=\"353\" \/>\n<h2 data-start=\"355\" data-end=\"399\"><\/h2>\n<h2 data-start=\"355\" data-end=\"399\">\u2728 <strong data-start=\"360\" data-end=\"399\">Description du livre :<\/strong><\/h2>\n<blockquote data-start=\"401\" data-end=\"1256\">\n<p data-start=\"403\" data-end=\"494\"><strong data-start=\"403\" data-end=\"494\">Que fais-tu quand ton c\u0153ur va dans la mauvaise direction - et que tu le sens soudain ?<\/strong><\/p>\n<p data-start=\"499\" data-end=\"684\"><em data-start=\"499\" data-end=\"530\">\"Le retour de ton c\u0153ur\"<\/em> n'est pas un livre ordinaire. C'est un compagnon de route honn\u00eate pour tous ceux qui sont au milieu de la vie et qui remarquent pourtant qu'il manque quelque chose - au plus profond d'eux-m\u00eames.<\/p>\n<p data-start=\"689\" data-end=\"900\">L'auteur Damian Maxson d\u00e9crit avec une sinc\u00e9rit\u00e9 touchante son voyage personnel \u00e0 travers les crises, le doute de soi et la recherche de sens - jusqu'\u00e0 la rencontre salutaire avec la v\u00e9rit\u00e9, qui ne peut \u00eatre trouv\u00e9e que dans la foi.<\/p>\n<p data-start=\"905\" data-end=\"1132\">Ce livre s'adresse aux personnes qui veulent plus que des conseils superficiels : c'est une invitation \u00e0 la conversion, au redressement int\u00e9rieur, au retour dans le \"cercle de Dieu\" - le lieu o\u00f9 ton c\u0153ur trouve enfin le repos.<\/p>\n<p data-start=\"1137\" data-end=\"1256\">\ud83d\udd4a\ufe0f <strong data-start=\"1141\" data-end=\"1172\">Honn\u00eate et sans d\u00e9tour. Directe et sans d\u00e9tour. Proche de la vie.<\/strong><br data-start=\"1172\" data-end=\"1175\" \/>Pour tous ceux qui sont pr\u00eats \u00e0 se rencontrer vraiment et \u00e0 rencontrer leur Cr\u00e9ateur.<\/p>\n<p data-start=\"1137\" data-end=\"1256\">\n<\/blockquote>\n<hr data-start=\"1258\" data-end=\"1261\" \/>\n<h2 data-start=\"1263\" data-end=\"1297\"><\/h2>\n<h2 data-start=\"1263\" data-end=\"1297\">\ud83d\udcc4 <strong data-start=\"1269\" data-end=\"1297\">D\u00e9tails de l'\u00e9dition PDF :<\/strong><\/h2>\n<ul data-start=\"1298\" data-end=\"1493\">\n<li data-start=\"1298\" data-end=\"1325\">\n<p data-start=\"1300\" data-end=\"1325\">T\u00e9l\u00e9chargement imm\u00e9diat apr\u00e8s l'achat<\/p>\n<\/li>\n<li data-start=\"1326\" data-end=\"1378\">\n<p data-start=\"1328\" data-end=\"1378\">99 pages (enti\u00e8rement en couleur, avec des images inspirantes)<\/p>\n<\/li>\n<li data-start=\"1379\" data-end=\"1444\">\n<p data-start=\"1381\" data-end=\"1444\">Format : PDF de haute qualit\u00e9 (id\u00e9al pour PC, tablette ou smartphone)<\/p>\n<\/li>\n<li data-start=\"1445\" data-end=\"1493\">\n<p data-start=\"1447\" data-end=\"1493\">Bonus : impulsion personnelle finale &amp; partie pri\u00e8re<\/p>\n<\/li>\n<li data-start=\"1445\" data-end=\"1493\"><a href=\"https:\/\/damianmaxson.com\/fr\/peut-etre-que-dieu-parle-a-travers-ces-pages-lire-maintenant-gratuitement\/\">demander un \u00e9chantillon gratuit !<\/a><\/li>\n<\/ul>\n<p>&nbsp;<\/p>\n<p>&nbsp;<\/p>\n<hr data-start=\"1495\" data-end=\"1498\" \/>\n<h2 data-start=\"1500\" data-end=\"1518\"><\/h2>\n<h2 data-start=\"1500\" data-end=\"1518\">\ud83d\udce5 <strong data-start=\"1506\" data-end=\"1518\">Remarque :<\/strong><\/h2>\n<p data-start=\"1519\" data-end=\"1655\">Il s'agit de la version num\u00e9rique au format PDF.<br data-start=\"1563\" data-end=\"1566\" \/>Si tu pr\u00e9f\u00e8res un livre imprim\u00e9, tu trouveras les <a href=\"https:\/\/www.google.com\/search?q=die+heimkehr+deines+Herzens&amp;rlz=1C1ONGR_deCH1138CH1138&amp;oq=die+heimkehr+deines+Herzens&amp;gs_lcrp=EgZjaHJvbWUyBggAEEUYOTIGCAEQRRg9MgYIAhBFGDwyBggDEEUYPdIBCTYzNDBqMGoxNagCCLACAQ&amp;sourceid=chrome&amp;ie=UTF-8&amp;sei=3tKxaO7QDaPSi-gPr_rBqAI\" target=\"_blank\" rel=\"noopener\"><strong data-start=\"1626\" data-end=\"1654\">Version imprim\u00e9e sur Amazon<\/strong><\/a>.<\/p>\n<p><strong>La version num\u00e9rique est disponible pour un prix symbolique, pratiquement gratuitement, ici<\/strong><\/p>\n<hr data-start=\"1657\" data-end=\"1660\" \/>\n<blockquote data-start=\"1729\" data-end=\"1825\">\n<p data-start=\"1731\" data-end=\"1825\">\n<\/blockquote>","protected":false},"excerpt":{"rendered":"<p>Un livre honn\u00eate sur le retour \u00e0 soi-m\u00eame - et \u00e0 Dieu.<br data-start=\"221\" data-end=\"224\" \/>Plein de profondeur, de v\u00e9rit\u00e9 et d'espoir.<\/p>\n<p>T\u00e9l\u00e9charger et lire imm\u00e9diatement au format PDF.<\/p>","protected":false},"featured_media":2787,"comment_status":"open","ping_status":"closed","template":"","meta":{"inline_featured_image":false},"product_brand":[],"product_cat":[25,26],"product_tag":[29,39,42,41,27,36,31,34,38,35,32,33,30,40,28,37],"class_list":{"0":"post-2881","1":"product","2":"type-product","3":"status-publish","4":"has-post-thumbnail","6":"product_cat-unkategorisiert","7":"product_cat-digitale-produkte","8":"product_tag-christlicher-wegweiser","9":"product_tag-christliches-pdf","10":"product_tag-die-rueckehr-des-herzens","11":"product_tag-erweckung","12":"product_tag-glaubensbuch","13":"product_tag-glaubenskrise","14":"product_tag-gotteskreis","15":"product_tag-heilung-durch-jesus","16":"product_tag-herzheilung","17":"product_tag-innerer-friede","18":"product_tag-lebenssinn","19":"product_tag-persoenliche-umkehr","20":"product_tag-rueckkehr-zu-gott","21":"product_tag-selbstfindung","22":"product_tag-spirituelles-buch","23":"product_tag-wahrheit-finden","25":"first","26":"instock","27":"sale","28":"downloadable","29":"virtual","30":"purchasable","31":"product-type-simple"},"_links":{"self":[{"href":"https:\/\/damianmaxson.com\/fr\/wp-json\/wp\/v2\/product\/2881","targetHints":{"allow":["GET"]}}],"collection":[{"href":"https:\/\/damianmaxson.com\/fr\/wp-json\/wp\/v2\/product"}],"about":[{"href":"https:\/\/damianmaxson.com\/fr\/wp-json\/wp\/v2\/types\/product"}],"replies":[{"embeddable":true,"href":"https:\/\/damianmaxson.com\/fr\/wp-json\/wp\/v2\/comments?post=2881"}],"wp:featuredmedia":[{"embeddable":true,"href":"https:\/\/damianmaxson.com\/fr\/wp-json\/wp\/v2\/media\/2787"}],"wp:attachment":[{"href":"https:\/\/damianmaxson.com\/fr\/wp-json\/wp\/v2\/media?parent=2881"}],"wp:term":[{"taxonomy":"product_brand","embeddable":true,"href":"https:\/\/damianmaxson.com\/fr\/wp-json\/wp\/v2\/product_brand?post=2881"},{"taxonomy":"product_cat","embeddable":true,"href":"https:\/\/damianmaxson.com\/fr\/wp-json\/wp\/v2\/product_cat?post=2881"},{"taxonomy":"product_tag","embeddable":true,"href":"https:\/\/damianmaxson.com\/fr\/wp-json\/wp\/v2\/product_tag?post=2881"}],"curies":[{"name":"wp","href":"https:\/\/api.w.org\/{rel}","templated":true}]}}